{"id":645,"date":"2016-06-07T18:07:30","date_gmt":"2016-06-07T16:07:30","guid":{"rendered":"https:\/\/www.mevo-fussstetter.de\/en\/?page_id=645"},"modified":"2019-07-12T14:39:13","modified_gmt":"2019-07-12T12:39:13","slug":"technology","status":"publish","type":"page","link":"https:\/\/www.mevo-fussstetter.de\/en\/technology\/","title":{"rendered":"Technology"},"content":{"rendered":"<p><div class=\"fusion-fullwidth fullwidth-box fusion-builder-row-1 nonhundred-percent-fullwidth non-hundred-percent-height-scrolling\" style=\"background-color: rgba(255,255,255,0);background-position: left top;background-repeat: no-repeat;padding-top:20px;padding-right:0px;padding-bottom:45px;padding-left:0px;margin-bottom: 0px;margin-top: 0px;border-width: 0px 0px 0px 0px;border-color:#eae9e9;border-style:solid;\" ><div class=\"fusion-builder-row fusion-row\"><div class=\"fusion-layout-column fusion_builder_column fusion-builder-column-0 fusion_builder_column_1_1 1_1 fusion-one-full fusion-column-first fusion-column-last fusion-column-no-min-height\" style=\"margin-top:0px;margin-bottom:0px;\"><div class=\"fusion-column-wrapper fusion-flex-column-wrapper-legacy\" style=\"background-position:left top;background-repeat:no-repeat;-webkit-background-size:cover;-moz-background-size:cover;-o-background-size:cover;background-size:cover;padding: 0px 0px 0px 0px;\"><span class=\" fusion-imageframe imageframe-none imageframe-1 hover-type-none\"><img decoding=\"async\" width=\"1920\" height=\"1200\" title=\"01_C1_rgb_gold_141018_web\" src=\"https:\/\/www.mevo-fussstetter.de\/wp-content\/uploads\/2015\/03\/01_C1_rgb_gold_141018_web1.jpg\" alt class=\"img-responsive wp-image-111\" srcset=\"https:\/\/www.mevo-fussstetter.de\/wp-content\/uploads\/2015\/03\/01_C1_rgb_gold_141018_web1-300x188.jpg 300w, https:\/\/www.mevo-fussstetter.de\/wp-content\/uploads\/2015\/03\/01_C1_rgb_gold_141018_web1-1024x640.jpg 1024w, https:\/\/www.mevo-fussstetter.de\/wp-content\/uploads\/2015\/03\/01_C1_rgb_gold_141018_web1.jpg 1920w\" sizes=\"(max-width: 1920px) 100vw, 1920px\" \/><\/span><div class=\"fusion-clearfix\"><\/div><\/div><\/div><\/div><\/div><div class=\"fusion-fullwidth fullwidth-box fusion-builder-row-2 fontSizeBig nonhundred-percent-fullwidth non-hundred-percent-height-scrolling\" style=\"background-color: rgba(255,255,255,0);background-position: left top;background-repeat: no-repeat;padding-top:20px;padding-right:0px;padding-bottom:40px;padding-left:0px;margin-bottom: 0px;margin-top: 0px;border-width: 0px 0px 0px 0px;border-color:#eae9e9;border-style:solid;\" ><div class=\"fusion-builder-row fusion-row\"><div class=\"fusion-layout-column fusion_builder_column fusion-builder-column-1 fusion_builder_column_2_3 2_3 fusion-two-third fusion-column-first\" style=\"width:65.3333%; margin-right: 4%;margin-top:0px;margin-bottom:20px;\"><div class=\"fusion-column-wrapper fusion-flex-column-wrapper-legacy\" style=\"background-position:left top;background-repeat:no-repeat;-webkit-background-size:cover;-moz-background-size:cover;-o-background-size:cover;background-size:cover;padding: 0px 0px 0px 0px;\"><div class=\"fusion-text fusion-text-1\"><p>Its applications are as varied as its possible locations. For this reason, mevo gives its owner maximum scope as regards technology and yet is uncompromising when it comes to quality standards.<\/p>\n<\/div><div class=\"fusion-clearfix\"><\/div><\/div><\/div><\/div><\/div><div class=\"fusion-fullwidth fullwidth-box fusion-builder-row-3 hundred-percent-fullwidth non-hundred-percent-height-scrolling\" style=\"background-color: rgba(255,255,255,0);background-position: center center;background-repeat: no-repeat;padding-top:0px;padding-right:0px;padding-bottom:0px;padding-left:0px;margin-bottom: 0px;margin-top: 0px;border-width: 0px 0px 0px 0px;border-color:#eae9e9;border-style:solid;\" ><div class=\"fusion-builder-row fusion-row\"><div class=\"fusion-layout-column fusion_builder_column fusion-builder-column-2 fusion_builder_column_1_3 1_3 fusion-one-third fusion-column-first contentColumn\" style=\"width:30.6666%; margin-right: 4%;margin-top:0px;margin-bottom:20px;\"><div class=\"fusion-column-wrapper fusion-flex-column-wrapper-legacy\" style=\"background-position:left top;background-repeat:no-repeat;-webkit-background-size:cover;-moz-background-size:cover;-o-background-size:cover;background-size:cover;padding: 0px 0px 0px 0px;\"><span class=\" fusion-imageframe imageframe-none imageframe-2 hover-type-none\"><a href=\"https:\/\/www.mevo-fussstetter.de\/wp-content\/uploads\/2015\/05\/mevo-Bora-Dunstabzug_140313_web.jpg\" class=\"fusion-lightbox\" data-rel=\"iLightbox[5fbb0d24efcfdf7697c]\" data-caption=\"Bora Dunstabzug, Kochfeldabzug\" data-title=\"Bora Dunstabzug\" title=\"Bora Dunstabzug\"><img decoding=\"async\" width=\"1000\" height=\"625\" alt=\"Bora Dunst- und Kochabzugshaube\" src=\"https:\/\/www.mevo-fussstetter.de\/wp-content\/uploads\/2015\/05\/mevo-Bora-Dunstabzug_140313_web.jpg\" class=\"img-responsive wp-image-127\"\/><\/a><\/span><div class=\"fusion-text fusion-text-2\"><h2 style=\"text-align: left;\">Bora<\/h2>\n<p>All that you will smell with mevo will be the aroma rising from the plates. Nothing else. This is ensured by the cooktop extractor fan from BORA, which draws off the kitchen fumes directly at the hob.<\/p>\n<p>&gt; <a title=\"Link zur Webseite www.bora.com\" href=\"http:\/\/www.bora.com\/en\/\" target=\"_blank\">www.bora.com<\/a><\/p>\n<\/div><div class=\"fusion-clearfix\"><\/div><\/div><\/div><div class=\"fusion-layout-column fusion_builder_column fusion-builder-column-3 fusion_builder_column_1_3 1_3 fusion-one-third contentColumn\" style=\"width:30.6666%; margin-right: 4%;margin-top:0px;margin-bottom:20px;\"><div class=\"fusion-column-wrapper fusion-flex-column-wrapper-legacy\" style=\"background-position:left top;background-repeat:no-repeat;-webkit-background-size:cover;-moz-background-size:cover;-o-background-size:cover;background-size:cover;padding: 0px 0px 0px 0px;\"><span class=\" fusion-imageframe imageframe-none imageframe-3 hover-type-none\"><a href=\"https:\/\/www.mevo-fussstetter.de\/wp-content\/uploads\/2015\/05\/mevo-Occhio-Leuchte_141223_web.jpg\" class=\"fusion-lightbox\" data-rel=\"iLightbox[e13d8ec6eea28fbd85b]\" data-title=\"mevo-Occhio-Leuchte_141223_web\" title=\"mevo-Occhio-Leuchte_141223_web\"><img decoding=\"async\" width=\"1000\" height=\"625\" alt=\"Occio - perfekte Lichtverh\u00e4ltnisse\" src=\"https:\/\/www.mevo-fussstetter.de\/wp-content\/uploads\/2015\/05\/mevo-Occhio-Leuchte_141223_web.jpg\" class=\"img-responsive wp-image-130\" srcset=\"https:\/\/www.mevo-fussstetter.de\/wp-content\/uploads\/2015\/05\/mevo-Occhio-Leuchte_141223_web-300x188.jpg 300w, https:\/\/www.mevo-fussstetter.de\/wp-content\/uploads\/2015\/05\/mevo-Occhio-Leuchte_141223_web.jpg 1000w\" sizes=\"(max-width: 1000px) 100vw, 1000px\" \/><\/a><\/span><div class=\"fusion-text fusion-text-3\"><h2>Occhio<\/h2>\n<p>A feast for the eyes: An Occhio Light with a modular head-body system ensures perfect visibility. Rotatable reflector heads can be swapped at any time via an easy plug-in mechanism and so mevo is bathed in warm, pleasant light. Wherever it goes.<\/p>\n<p>&gt; <a title=\"Link zur Webseite www.occhio.de\" href=\"http:\/\/www.occhio.de\/en\" target=\"_blank\">www.occhio.de<\/a><\/p>\n<\/div><div class=\"fusion-clearfix\"><\/div><\/div><\/div><div class=\"fusion-layout-column fusion_builder_column fusion-builder-column-4 fusion_builder_column_1_3 1_3 fusion-one-third fusion-column-last contentColumn\" style=\"width:30.6666%;margin-top:0px;margin-bottom:20px;\"><div class=\"fusion-column-wrapper fusion-flex-column-wrapper-legacy\" style=\"background-position:left top;background-repeat:no-repeat;-webkit-background-size:cover;-moz-background-size:cover;-o-background-size:cover;background-size:cover;padding: 0px 0px 0px 0px;\"><span class=\" fusion-imageframe imageframe-none imageframe-4 hover-type-none\"><a href=\"https:\/\/www.mevo-fussstetter.de\/wp-content\/uploads\/2015\/05\/mevo-Gaggenau-Dampfbackofen_141219_web.jpg\" class=\"fusion-lightbox\" data-rel=\"iLightbox[400019a3055332c53e8]\" data-title=\"mevo-Gaggenau-Dampfbackofen_141219_web\" title=\"mevo-Gaggenau-Dampfbackofen_141219_web\"><img decoding=\"async\" width=\"1000\" height=\"625\" alt=\"Gaggenau - Dampfback\u00f6fen\" src=\"https:\/\/www.mevo-fussstetter.de\/wp-content\/uploads\/2015\/05\/mevo-Gaggenau-Dampfbackofen_141219_web.jpg\" class=\"img-responsive wp-image-128\" srcset=\"https:\/\/www.mevo-fussstetter.de\/wp-content\/uploads\/2015\/05\/mevo-Gaggenau-Dampfbackofen_141219_web-300x188.jpg 300w, https:\/\/www.mevo-fussstetter.de\/wp-content\/uploads\/2015\/05\/mevo-Gaggenau-Dampfbackofen_141219_web.jpg 1000w\" sizes=\"(max-width: 1000px) 100vw, 1000px\" \/><\/a><\/span><div class=\"fusion-text fusion-text-4\"><h2>Gaggenau<\/h2>\n<p>Gaggenau\u2018s steam ovens are real all-rounders and are just perfect for your mevo. The ovens 200 series, for example, brings state-of-the-art professional technology to the kitchen. Fronts made of glass as well as the compact LCD control module with intuitive menu guidance define the clear visual design of all devices and fit perfectly into the minimalist mevo-look.<\/p>\n<p>&gt; <a title=\"Link zur Webseite www.gaggenau.com\" href=\"http:\/\/www.gaggenau.com\/zz\/\" target=\"_blank\">www.gaggenau.com<\/a><\/p>\n<\/div><div class=\"fusion-clearfix\"><\/div><\/div><\/div><\/div><style type=\"text\/css\">.fusion-fullwidth.fusion-builder-row-3 { overflow:visible; }<\/style><\/div><div class=\"fusion-fullwidth fullwidth-box fusion-builder-row-4 nonhundred-percent-fullwidth non-hundred-percent-height-scrolling\" style=\"background-color: rgba(255,255,255,0);background-position: left top;background-repeat: no-repeat;padding-top:20px;padding-right:0px;padding-bottom:20px;padding-left:0px;margin-bottom: 0px;margin-top: 0px;border-width: 0px 0px 0px 0px;border-color:#eae9e9;border-style:solid;\" ><div class=\"fusion-builder-row fusion-row\"><div class=\"fusion-layout-column fusion_builder_column fusion-builder-column-5 fusion_builder_column_1_3 1_3 fusion-one-third fusion-column-first contentColumn\" style=\"width:30.6666%; margin-right: 4%;margin-top:0px;margin-bottom:20px;\"><div class=\"fusion-column-wrapper fusion-flex-column-wrapper-legacy\" style=\"background-position:left top;background-repeat:no-repeat;-webkit-background-size:cover;-moz-background-size:cover;-o-background-size:cover;background-size:cover;padding: 0px 0px 0px 0px;\"><span class=\" fusion-imageframe imageframe-none imageframe-5 hover-type-none\"><a href=\"https:\/\/www.mevo-fussstetter.de\/wp-content\/uploads\/2015\/05\/mevo-Rieber-Wasserstation-Spuele_141223_web.jpg\" class=\"fusion-lightbox\" data-rel=\"iLightbox[fd6facd1509ce9a5491]\" data-title=\"mevo-Rieber-Wasserstation-Spuele_141223_web\" title=\"mevo-Rieber-Wasserstation-Spuele_141223_web\"><img decoding=\"async\" width=\"1000\" height=\"625\" alt=\"Rieber Wasserstation\" src=\"https:\/\/www.mevo-fussstetter.de\/wp-content\/uploads\/2015\/05\/mevo-Rieber-Wasserstation-Spuele_141223_web.jpg\" class=\"img-responsive wp-image-132\" srcset=\"https:\/\/www.mevo-fussstetter.de\/wp-content\/uploads\/2015\/05\/mevo-Rieber-Wasserstation-Spuele_141223_web-300x188.jpg 300w, https:\/\/www.mevo-fussstetter.de\/wp-content\/uploads\/2015\/05\/mevo-Rieber-Wasserstation-Spuele_141223_web.jpg 1000w\" sizes=\"(max-width: 1000px) 100vw, 1000px\" \/><\/a><\/span><div class=\"fusion-text fusion-text-5\"><h2>Rieber<\/h2>\n<p>The Rieber water station 600 impresses not only with its minimalist design, but also with its versatility. Its dimensions fit Gastronorm containers and make the water station a multifunctional workplace. With just one container you can bake in the oven, gently roast on the hob and wash up in the kitchen sink.<\/p>\n<p>&gt; <a title=\"Link zur Produktseite von www.rieber.de\" href=\"http:\/\/www.rieber.de\/en\" target=\"_blank\">www.rieber.de<\/a><\/p>\n<\/div><div class=\"fusion-clearfix\"><\/div><\/div><\/div><div class=\"fusion-layout-column fusion_builder_column fusion-builder-column-6 fusion_builder_column_1_3 1_3 fusion-one-third contentColumn\" style=\"width:30.6666%; margin-right: 4%;margin-top:0px;margin-bottom:20px;\"><div class=\"fusion-column-wrapper fusion-flex-column-wrapper-legacy\" style=\"background-position:left top;background-repeat:no-repeat;-webkit-background-size:cover;-moz-background-size:cover;-o-background-size:cover;background-size:cover;padding: 0px 0px 0px 0px;\"><span class=\" fusion-imageframe imageframe-none imageframe-6 hover-type-none\"><a href=\"https:\/\/www.mevo-fussstetter.de\/wp-content\/uploads\/2015\/05\/Theepot_Fusion_Square_150317.jpg\" class=\"fusion-lightbox\" data-rel=\"iLightbox[467882b8c4ad3345bd6]\" data-caption=\"Quooker Fusion - der intelligente Wasserhahn\" data-title=\"Quooker Fusion &#8211; der intelligente Wasserhahn\" title=\"Quooker Fusion &#8211; der intelligente Wasserhahn\"><img decoding=\"async\" width=\"480\" height=\"300\" alt=\"Quooker Fusion - der intelligente Wasserhahn\" src=\"https:\/\/www.mevo-fussstetter.de\/wp-content\/uploads\/2015\/05\/Theepot_Fusion_Square_150317-480x300.jpg\" class=\"img-responsive wp-image-170\" srcset=\"https:\/\/www.mevo-fussstetter.de\/wp-content\/uploads\/2015\/05\/Theepot_Fusion_Square_150317-150x94.jpg 150w, https:\/\/www.mevo-fussstetter.de\/wp-content\/uploads\/2015\/05\/Theepot_Fusion_Square_150317-480x300.jpg 480w, https:\/\/www.mevo-fussstetter.de\/wp-content\/uploads\/2015\/05\/Theepot_Fusion_Square_150317.jpg 1000w\" sizes=\"(max-width: 480px) 100vw, 480px\" \/><\/a><\/span><div class=\"fusion-text fusion-text-6\"><h2>Quooker<\/h2>\n<p>The new kitchen must-have. Quooker: the tap that immediately dispenses boiling water. We recommend Quooker Fusion: a single tap for hot, cold and boiling water. Ultra-safe, super-efficient and available in eight tap designs and three finishes.<\/p>\n<p>&gt; <a title=\"Link zur Webseite www.quooker.de\" href=\"http:\/\/www.quooker.co.uk\" target=\"_blank\">www.quooker.co.uk<\/a><\/p>\n<\/div><div class=\"fusion-clearfix\"><\/div><\/div><\/div><div class=\"fusion-layout-column fusion_builder_column fusion-builder-column-7 fusion_builder_column_1_3 1_3 fusion-one-third fusion-column-last contentColumn\" style=\"width:30.6666%;margin-top:0px;margin-bottom:20px;\"><div class=\"fusion-column-wrapper fusion-flex-column-wrapper-legacy\" style=\"background-position:left top;background-repeat:no-repeat;-webkit-background-size:cover;-moz-background-size:cover;-o-background-size:cover;background-size:cover;padding: 0px 0px 0px 0px;\"><span class=\" fusion-imageframe imageframe-none imageframe-7 hover-type-none\"><a href=\"https:\/\/www.mevo-fussstetter.de\/wp-content\/uploads\/2015\/05\/mevo-Guede_150317_web.jpg\" class=\"fusion-lightbox\" data-rel=\"iLightbox[07f568b7310f3933a63]\" data-title=\"mevo-Guede_150317_web\" title=\"mevo-Guede_150317_web\"><img decoding=\"async\" width=\"1000\" height=\"625\" alt=\"G\u00fcde - handgeschmiedete Messer\" src=\"https:\/\/www.mevo-fussstetter.de\/wp-content\/uploads\/2015\/05\/mevo-Guede_150317_web.jpg\" class=\"img-responsive wp-image-129\" srcset=\"https:\/\/www.mevo-fussstetter.de\/wp-content\/uploads\/2015\/05\/mevo-Guede_150317_web-300x188.jpg 300w, https:\/\/www.mevo-fussstetter.de\/wp-content\/uploads\/2015\/05\/mevo-Guede_150317_web.jpg 1000w\" sizes=\"(max-width: 1000px) 100vw, 1000px\" \/><\/a><\/span><div class=\"fusion-text fusion-text-7\"><h2>G\u00fcde<\/h2>\n<p>The production of the finest possible handcrafted, forged cutlery is and always has been the driving philosophy of G\u00fcde. For four generations the G\u00fcde family has neither compromised on nor wavered from this credo. Today G\u00fcde is proud to continue the centuries old tradition of quality knifemaking for which the town of Solingen is justly world famous.<\/p>\n<p>&gt; <a title=\"Link zur Webseite www.guede-solingen.de\/de\" href=\"http:\/\/www.guede-solingen.de\/en\/\" target=\"_blank\">www.guede-solingen.de<\/a><\/p>\n<\/div><div class=\"fusion-clearfix\"><\/div><\/div><\/div><\/div><\/div><div class=\"fusion-fullwidth fullwidth-box fusion-builder-row-5 hundred-percent-fullwidth non-hundred-percent-height-scrolling\" style=\"background-color: rgba(255,255,255,0);background-position: center center;background-repeat: no-repeat;padding-top:0px;padding-right:0px;padding-bottom:0px;padding-left:0px;margin-bottom: 0px;margin-top: 0px;border-width: 0px 0px 0px 0px;border-color:#eae9e9;border-style:solid;\" ><div class=\"fusion-builder-row fusion-row\"><div class=\"fusion-layout-column fusion_builder_column fusion-builder-column-8 fusion_builder_column_1_1 1_1 fusion-one-full fusion-column-first fusion-column-last fusion-column-no-min-height\" style=\"margin-top:0px;margin-bottom:0px;\"><div class=\"fusion-column-wrapper fusion-flex-column-wrapper-legacy\" style=\"background-position:left top;background-repeat:no-repeat;-webkit-background-size:cover;-moz-background-size:cover;-o-background-size:cover;background-size:cover;padding: 0px 0px 0px 0px;\"><div class=\"fusion-text fusion-text-8\"><p>\u00a0<\/p>\n<\/div><div class=\"fusion-clearfix\"><\/div><\/div><\/div><\/div><style type=\"text\/css\">.fusion-fullwidth.fusion-builder-row-5 { overflow:visible; }<\/style><\/div><\/p>\n","protected":false},"excerpt":{"rendered":"","protected":false},"author":5,"featured_media":0,"parent":0,"menu_order":0,"comment_status":"open","ping_status":"open","template":"","meta":{"footnotes":""},"class_list":["post-645","page","type-page","status-publish","hentry"],"aioseo_notices":[],"_links":{"self":[{"href":"https:\/\/www.mevo-fussstetter.de\/en\/wp-json\/wp\/v2\/pages\/645","targetHints":{"allow":["GET"]}}],"collection":[{"href":"https:\/\/www.mevo-fussstetter.de\/en\/wp-json\/wp\/v2\/pages"}],"about":[{"href":"https:\/\/www.mevo-fussstetter.de\/en\/wp-json\/wp\/v2\/types\/page"}],"author":[{"embeddable":true,"href":"https:\/\/www.mevo-fussstetter.de\/en\/wp-json\/wp\/v2\/users\/5"}],"replies":[{"embeddable":true,"href":"https:\/\/www.mevo-fussstetter.de\/en\/wp-json\/wp\/v2\/comments?post=645"}],"version-history":[{"count":12,"href":"https:\/\/www.mevo-fussstetter.de\/en\/wp-json\/wp\/v2\/pages\/645\/revisions"}],"predecessor-version":[{"id":990,"href":"https:\/\/www.mevo-fussstetter.de\/en\/wp-json\/wp\/v2\/pages\/645\/revisions\/990"}],"wp:attachment":[{"href":"https:\/\/www.mevo-fussstetter.de\/en\/wp-json\/wp\/v2\/media?parent=645"}],"curies":[{"name":"wp","href":"https:\/\/api.w.org\/{rel}","templated":true}]}}